{"id":1624,"date":"2019-08-21T12:12:13","date_gmt":"2019-08-21T10:12:13","guid":{"rendered":"http:\/\/www.santamariaequestrianclub.com\/sobre-nosotros\/"},"modified":"2022-03-23T13:58:36","modified_gmt":"2022-03-23T12:58:36","slug":"sobre-nosotros","status":"publish","type":"page","link":"https:\/\/www.santamariaequestrianclub.com\/es\/sobre-nosotros\/","title":{"rendered":"Sobre nosotros"},"content":{"rendered":"<p><div class=\"fusion-fullwidth fullwidth-box fusion-builder-row-1 hundred-percent-fullwidth non-hundred-percent-height-scrolling fusion-equal-height-columns\" style=\"--awb-background-position:left top;--awb-border-radius-top-left:0px;--awb-border-radius-top-right:0px;--awb-border-radius-bottom-right:0px;--awb-border-radius-bottom-left:0px;--awb-padding-top:0px;--awb-padding-right:0px;--awb-padding-bottom:0px;--awb-padding-left:0px;--awb-border-sizes-top:0px;--awb-border-sizes-bottom:0px;--awb-flex-wrap:wrap;\" ><div class=\"fusion-builder-row fusion-row\"><div class=\"fusion-layout-column fusion_builder_column fusion-builder-column-0 fusion_builder_column_3_5 3_5 fusion-three-fifth fusion-column-first\" style=\"--awb-padding-top:90px;--awb-padding-right:10%;--awb-padding-bottom:80px;--awb-padding-left:10%;--awb-bg-size:cover;--awb-margin-top:0px;--awb-margin-bottom:0px;width:58.4%; margin-right: 4%;\"><div class=\"fusion-column-wrapper fusion-flex-column-wrapper-legacy\"><div class=\"fusion-text fusion-text-1\"><h1 style=\"font-size: 62px;\">Santa Mar\u00eda Equestrian Club<\/h1>\n<\/div><div class=\"fusion-sep-clear\"><\/div><div class=\"fusion-separator fusion-has-icon fusion-full-width-sep fusion-clearfix\" style=\"float:left;margin-top:4%;margin-bottom:40px;width:100%;\"><div class=\"fusion-separator-border sep-single sep-solid\" style=\"--awb-height:20px;--awb-amount:20px;border-color:#b9afa1;border-top-width:1px;\"><\/div><span class=\"icon-wrapper\" style=\"border-color:transparent;font-size:18px;width: 1.75em; height: 1.75em;border-width:1px;padding:1px;margin-top:-0.5px\"><i class=\"fa-horse-head fas\" style=\"font-size: inherit;color:#b9afa1;\" aria-hidden=\"true\"><\/i><\/span><div class=\"fusion-separator-border sep-single sep-solid\" style=\"--awb-height:20px;--awb-amount:20px;border-color:#b9afa1;border-top-width:1px;\"><\/div><\/div><div class=\"fusion-sep-clear\"><\/div><div class=\"fusion-text fusion-text-2\"><h5 style=\"text-align: center;\"><span style=\"color: #b9afa1;\">Santa Mar\u00eda Polo Club puso en marcha este emocionante proyecto ecuestre, Santa Mar\u00eda Equestrian Club, aprovechando sus magn\u00edficas instalaciones y su gran experiencia en eventos de alto nivel.<\/span><\/h5>\n<\/div><div class=\"fusion-sep-clear\"><\/div><div class=\"fusion-separator fusion-has-icon fusion-full-width-sep fusion-clearfix\" style=\"float:left;margin-top:10px;margin-bottom:50px;width:100%;\"><div class=\"fusion-separator-border sep-single sep-solid\" style=\"--awb-height:20px;--awb-amount:20px;border-color:#b9afa1;border-top-width:1px;\"><\/div><span class=\"icon-wrapper\" style=\"border-color:transparent;font-size:18px;width: 1.75em; height: 1.75em;border-width:1px;padding:1px;margin-top:-0.5px\"><i class=\"fa-horse-head fas\" style=\"font-size: inherit;color:#b9afa1;\" aria-hidden=\"true\"><\/i><\/span><div class=\"fusion-separator-border sep-single sep-solid\" style=\"--awb-height:20px;--awb-amount:20px;border-color:#b9afa1;border-top-width:1px;\"><\/div><\/div><div class=\"fusion-sep-clear\"><\/div><div class=\"fusion-text fusion-text-3\"><p style=\"text-align: justify;\">Santa Maria Equestrian Club se basa en un concepto de exclusividad y excelencia, brindando a sus clientes servicios e instalaciones que cumplen con los est\u00e1ndares m\u00e1s exigentes en funci\u00f3n y calidad.<\/p>\n<\/div><div class=\"fusion-text fusion-text-4\"><p style=\"text-align: justify;\">Ubicado a orillas del r\u00edo Guadiaro y a solo unos minutos del puerto de Sotogrande, el Club, que cuenta con 52 hect\u00e1reas, est\u00e1 rodeado de hermosos paisajes naturales y campos de polo de clase mundial. Una combinaci\u00f3n de espacios e instalaciones compatibles con la funci\u00f3n de un club de campo, junto con un concepto de alto nivel de servicio, privacidad y lujo es lo que define nuestro distintivo centro ecuestre.<\/p>\n<\/div><div class=\"fusion-sep-clear\"><\/div><div class=\"fusion-separator fusion-full-width-sep\" style=\"margin-left: auto;margin-right: auto;margin-top:10px;width:100%;\"><\/div><div class=\"fusion-sep-clear\"><\/div><div class=\"fusion-clearfix\"><\/div><\/div><\/div><div class=\"fusion-layout-column fusion_builder_column fusion-builder-column-1 fusion_builder_column_2_5 2_5 fusion-two-fifth fusion-column-last fusion-animated\" style=\"--awb-bg-image:url(&#039;https:\/\/www.santamariaequestrianclub.com\/wp-content\/uploads\/2022\/03\/Portada-1024x563.jpg&#039;);--awb-bg-position:center bottom;--awb-bg-size:cover;--awb-margin-top:0px;--awb-margin-bottom:0px;width:37.6%;\" data-animationType=\"fadeInLeft\" data-animationDuration=\"0.6\" data-animationOffset=\"top-into-view\"><div class=\"fusion-column-wrapper fusion-column-has-shadow fusion-flex-column-wrapper-legacy fusion-column-has-bg-image\" data-bg-url=\"https:\/\/www.santamariaequestrianclub.com\/wp-content\/uploads\/2022\/03\/Portada-1024x563.jpg\"><div class=\"fusion-sep-clear\"><\/div><div class=\"fusion-separator fusion-full-width-sep\" style=\"margin-left: auto;margin-right: auto;margin-top:300px;width:100%;\"><\/div><div class=\"fusion-sep-clear\"><\/div><div class=\"fusion-clearfix\"><\/div><\/div><\/div><\/div><\/div><div class=\"fusion-bg-parallax\" data-bg-align=\"left center\" data-direction=\"up\" data-mute=\"false\" data-opacity=\"100\" data-velocity=\"-0.3\" data-mobile-enabled=\"false\" data-break_parents=\"0\" data-bg-image=\"http:\/\/www.santamariaequestrianclub.com\/wp-content\/uploads\/2019\/07\/bgT.jpg\" data-bg-repeat=\"false\" ><\/div><div class=\"fusion-fullwidth fullwidth-box fusion-builder-row-2 fusion-parallax-up hundred-percent-fullwidth non-hundred-percent-height-scrolling\" style=\"--awb-background-position:left center;--awb-border-radius-top-left:0px;--awb-border-radius-top-right:0px;--awb-border-radius-bottom-right:0px;--awb-border-radius-bottom-left:0px;--awb-padding-top:5%;--awb-padding-bottom:5%;--awb-background-image:url(&quot;http:\/\/www.santamariaequestrianclub.com\/wp-content\/uploads\/2019\/07\/bgT.jpg&quot;);--awb-background-size:cover;--awb-border-sizes-top:0px;--awb-border-sizes-bottom:0px;--awb-flex-wrap:wrap;\" ><div class=\"fusion-builder-row fusion-row\"><div class=\"fusion-layout-column fusion_builder_column fusion-builder-column-2 fusion_builder_column_1_2 1_2 fusion-one-half fusion-column-first\" style=\"--awb-padding-top:3%;--awb-padding-right:3%;--awb-padding-bottom:3%;--awb-padding-left:3%;--awb-bg-color:rgba(255,255,255,0);--awb-bg-color-hover:rgba(255,255,255,0);--awb-bg-size:cover;width:48%; margin-right: 4%;\"><div class=\"fusion-column-wrapper fusion-column-has-shadow fusion-flex-column-wrapper-legacy\"><div class=\"fusion-column-content-centered\"><div class=\"fusion-column-content\"><div class=\"fusion-text fusion-text-5\"><h4 style=\"text-align: center;\"><strong>SANTA MAR\u00cdA EQUESTRIAN CLUB, EL PROYECTO<\/strong><\/h4>\n<\/div><div class=\"fusion-text fusion-text-6\"><p style=\"text-align: justify;\">Afianzar las bases de Santa Mar\u00eda Equestrian Club es el primer paso de un gran proyecto ecuestre destinado a organizar torneos de saltos internacionales de clase mundial bajo el nombre de &#8220;Santa Mar\u00eda Equestrian Tour&#8221;. Esta segunda fase del Centro Ecuestre contar\u00e1 con las instalaciones y la organizaci\u00f3n para recibir caballos, jinetes y espectadores de todo del mundo, estando a la par con las mejores competiciones actuales del deporte h\u00edpico.<\/p>\n<\/div><div class=\"fusion-sep-clear\"><\/div><div class=\"fusion-separator fusion-has-icon fusion-full-width-sep fusion-clearfix\" style=\"float:left;margin-top:10px;margin-bottom:50px;width:100%;\"><div class=\"fusion-separator-border sep-single sep-solid\" style=\"--awb-height:20px;--awb-amount:20px;border-color:#b9afa1;border-top-width:1px;\"><\/div><span class=\"icon-wrapper\" style=\"border-color:transparent;font-size:18px;width: 1.75em; height: 1.75em;border-width:1px;padding:1px;margin-top:-0.5px\"><i class=\"fa-horse-head fas\" style=\"font-size: inherit;color:#b9afa1;\" aria-hidden=\"true\"><\/i><\/span><div class=\"fusion-separator-border sep-single sep-solid\" style=\"--awb-height:20px;--awb-amount:20px;border-color:#b9afa1;border-top-width:1px;\"><\/div><\/div><div class=\"fusion-sep-clear\"><\/div><div class=\"fusion-text fusion-text-7\"><p>Santa Mar\u00eda Equestrian Club tiene 13 hect\u00e1reas en Puente de Hierro<\/p>\n<\/div>\n<div class=\"table-1\">\n<table width=\"100%\">\n<thead>\n<tr style=\"background-color: #908270;\">\n<th align=\"left\"><strong>INSTALACIONES<\/strong><\/th>\n<th align=\"left\"><strong>ESPECIFICACIONES<\/strong><\/th>\n<\/tr>\n<\/thead>\n<tbody>\n<tr>\n<td align=\"left\">CUADRAS<\/td>\n<td align=\"left\">79 R\u00d6WER&amp;R\u00dcB<br \/>\n3,5M x 3,5M<\/td>\n<\/tr>\n<tr>\n<td align=\"left\">PISTAS ALL-WEATHER<\/td>\n<td align=\"left\">95M X 105M<br \/>\n70M X 30M<br \/>\nSISTEMA RISOHORSE BY DAMMANN<\/td>\n<\/tr>\n<tr>\n<td align=\"left\">PISTAS DE HIERBA<\/td>\n<td align=\"left\">1 PISTA: 130M X 320M = 41.600 M<sup>2<\/sup><br \/>\nBERMUDA GRASS<\/td>\n<\/tr>\n<tr>\n<td align=\"left\">PISTA DE CUERDA<\/td>\n<td align=\"left\">CUBIERTA<br \/>\nR\u00d6WER&amp;R\u00dcB<\/td>\n<\/tr>\n<tr>\n<td align=\"left\">CAMINADOR<\/td>\n<td align=\"left\">ESTRUCTURA CUBIERTA<br \/>\nR\u00d6WER&amp;R\u00dcB<\/td>\n<\/tr>\n<tr>\n<td align=\"left\">CASA CLUB<\/td>\n<td align=\"left\"><\/td>\n<\/tr>\n<tr>\n<td align=\"left\">GUADARN\u00c9S<\/td>\n<td align=\"left\">10 GUADARNESES:<br \/>\n3M X 3M<\/td>\n<\/tr>\n<tr>\n<td align=\"left\">ALMACENES<\/td>\n<td align=\"left\">2 GRANEROS<\/td>\n<\/tr>\n<tr>\n<td align=\"left\">LAVANDER\u00cdA<\/td>\n<td align=\"left\"><\/td>\n<\/tr>\n<tr>\n<td align=\"left\">PARKINGS<\/td>\n<td align=\"left\">SOCIOS<br \/>\nCAMIONES<\/td>\n<\/tr>\n<tr>\n<td align=\"left\">VESTUARIOS<\/td>\n<td align=\"left\">MASCULINO<br \/>\nFEMENINO<\/td>\n<\/tr>\n<\/tbody>\n<\/table>\n<\/div>\n<\/div><\/div><div class=\"fusion-clearfix\"><\/div><\/div><\/div><div class=\"fusion-layout-column fusion_builder_column fusion-builder-column-3 fusion_builder_column_1_2 1_2 fusion-one-half fusion-column-last\" style=\"--awb-bg-size:cover;--awb-margin-top:30px;--awb-margin-bottom:30px;width:48%;\"><div class=\"fusion-column-wrapper fusion-column-has-shadow fusion-flex-column-wrapper-legacy\"><div class=\"fusion-column-content-centered\"><div class=\"fusion-column-content\"><div class=\"fusion-text fusion-text-8\"><p style=\"text-align: center;\"><span style=\"border-bottom: solid 3px #F4CB6E;\">PUENTE DE HIERRO<\/span><br \/>\nInstalaciones Ecuestres<\/p>\n<p style=\"text-align: center;\">52 Hectareas.<br \/>\n12.000 m2 pistas All-Wheather.<br \/>\n120 Establos.<br \/>\nClub-House.<br \/>\n3 Pistas de hierba (165.680 m2).<\/p>\n<\/div><div class=\"fusion-image-element fusion-image-align-center in-legacy-container\" style=\"text-align:center;--awb-caption-title-font-family:var(--h2_typography-font-family);--awb-caption-title-font-weight:var(--h2_typography-font-weight);--awb-caption-title-font-style:var(--h2_typography-font-style);--awb-caption-title-size:var(--h2_typography-font-size);--awb-caption-title-transform:var(--h2_typography-text-transform);--awb-caption-title-line-height:var(--h2_typography-line-height);--awb-caption-title-letter-spacing:var(--h2_typography-letter-spacing);\"><div class=\"imageframe-align-center\"><span class=\" fusion-imageframe imageframe-dropshadow imageframe-1 hover-type-zoomin fusion-animated\" style=\"border:32px solid #ffffff;-webkit-box-shadow: 3px 3px 7px rgba(93,88,82,0.3);box-shadow: 3px 3px 7px rgba(93,88,82,0.3);\" data-animationType=\"fadeInLeft\" data-animationDuration=\"0.6\" data-animationOffset=\"top-into-view\"><img decoding=\"async\" width=\"1857\" height=\"1331\" alt=\"centro hipico malaga\" title=\"Puente de Hierro &#8211; Instalaciones ecuestres\" src=\"https:\/\/www.santamariaequestrianclub.com\/wp-content\/uploads\/2019\/07\/mapaAU.jpg\" class=\"img-responsive wp-image-1567\" srcset=\"https:\/\/www.santamariaequestrianclub.com\/wp-content\/uploads\/2019\/07\/mapaAU-200x143.jpg 200w, https:\/\/www.santamariaequestrianclub.com\/wp-content\/uploads\/2019\/07\/mapaAU-400x287.jpg 400w, https:\/\/www.santamariaequestrianclub.com\/wp-content\/uploads\/2019\/07\/mapaAU-600x430.jpg 600w, https:\/\/www.santamariaequestrianclub.com\/wp-content\/uploads\/2019\/07\/mapaAU-800x573.jpg 800w, https:\/\/www.santamariaequestrianclub.com\/wp-content\/uploads\/2019\/07\/mapaAU-1200x860.jpg 1200w, https:\/\/www.santamariaequestrianclub.com\/wp-content\/uploads\/2019\/07\/mapaAU.jpg 1857w\" sizes=\"(max-width: 1050px) 100vw, 600px\" \/><\/span><\/div><\/div><\/div><\/div><div class=\"fusion-clearfix\"><\/div><\/div><\/div><\/div><\/div><\/p>\n","protected":false},"excerpt":{"rendered":"","protected":false},"author":1,"featured_media":0,"parent":0,"menu_order":0,"comment_status":"closed","ping_status":"closed","template":"100-width.php","meta":{"footnotes":""},"class_list":["post-1624","page","type-page","status-publish","hentry"],"yoast_head":"<!-- This site is optimized with the Yoast SEO plugin v26.3 - https:\/\/yoast.com\/wordpress\/plugins\/seo\/ -->\n<title>Centro h\u00edpico en Marbella, M\u00e1laga, C\u00e1diz - Santa Mar\u00eda Equestrian Club<\/title>\n<meta name=\"description\" content=\"Santa Maria Equestrian Club es un nuevo centro h\u00edpico con magn\u00edficas instalaciones ubicado en Puente de Hierro que alberga importantes competiciones.\" \/>\n<meta name=\"robots\" content=\"index, follow, max-snippet:-1, max-image-preview:large, max-video-preview:-1\" \/>\n<link rel=\"canonical\" href=\"https:\/\/www.santamariaequestrianclub.com\/es\/sobre-nosotros\/\" \/>\n<meta property=\"og:locale\" content=\"es_ES\" \/>\n<meta property=\"og:type\" content=\"article\" \/>\n<meta property=\"og:title\" content=\"Centro h\u00edpico en Marbella, M\u00e1laga, C\u00e1diz - Santa Mar\u00eda Equestrian Club\" \/>\n<meta property=\"og:description\" content=\"Santa Maria Equestrian Club es un nuevo centro h\u00edpico con magn\u00edficas instalaciones ubicado en Puente de Hierro que alberga importantes competiciones.\" \/>\n<meta property=\"og:url\" content=\"https:\/\/www.santamariaequestrianclub.com\/es\/sobre-nosotros\/\" \/>\n<meta property=\"og:site_name\" content=\"Santa Mar\u00eda Equestrian Club\" \/>\n<meta property=\"article:publisher\" content=\"https:\/\/www.facebook.com\/santamariaequestrianclub\" \/>\n<meta property=\"article:modified_time\" content=\"2022-03-23T12:58:36+00:00\" \/>\n<meta name=\"twitter:card\" content=\"summary_large_image\" \/>\n<meta name=\"twitter:site\" content=\"@SantaMariaEClub\" \/>\n<meta name=\"twitter:label1\" content=\"Tiempo de lectura\" \/>\n\t<meta name=\"twitter:data1\" content=\"8 minutos\" \/>\n<script type=\"application\/ld+json\" class=\"yoast-schema-graph\">{\"@context\":\"https:\/\/schema.org\",\"@graph\":[{\"@type\":\"WebPage\",\"@id\":\"https:\/\/www.santamariaequestrianclub.com\/es\/sobre-nosotros\/\",\"url\":\"https:\/\/www.santamariaequestrianclub.com\/es\/sobre-nosotros\/\",\"name\":\"Centro h\u00edpico en Marbella, M\u00e1laga, C\u00e1diz - Santa Mar\u00eda Equestrian Club\",\"isPartOf\":{\"@id\":\"https:\/\/www.santamariaequestrianclub.com\/#website\"},\"datePublished\":\"2019-08-21T10:12:13+00:00\",\"dateModified\":\"2022-03-23T12:58:36+00:00\",\"description\":\"Santa Maria Equestrian Club es un nuevo centro h\u00edpico con magn\u00edficas instalaciones ubicado en Puente de Hierro que alberga importantes competiciones.\",\"breadcrumb\":{\"@id\":\"https:\/\/www.santamariaequestrianclub.com\/es\/sobre-nosotros\/#breadcrumb\"},\"inLanguage\":\"es\",\"potentialAction\":[{\"@type\":\"ReadAction\",\"target\":[\"https:\/\/www.santamariaequestrianclub.com\/es\/sobre-nosotros\/\"]}]},{\"@type\":\"BreadcrumbList\",\"@id\":\"https:\/\/www.santamariaequestrianclub.com\/es\/sobre-nosotros\/#breadcrumb\",\"itemListElement\":[{\"@type\":\"ListItem\",\"position\":1,\"name\":\"Home\",\"item\":\"https:\/\/www.santamariaequestrianclub.com\/es\/\"},{\"@type\":\"ListItem\",\"position\":2,\"name\":\"Sobre nosotros\"}]},{\"@type\":\"WebSite\",\"@id\":\"https:\/\/www.santamariaequestrianclub.com\/#website\",\"url\":\"https:\/\/www.santamariaequestrianclub.com\/\",\"name\":\"Santa Mar\u00eda Equestrian Club\",\"description\":\"\",\"publisher\":{\"@id\":\"https:\/\/www.santamariaequestrianclub.com\/#organization\"},\"potentialAction\":[{\"@type\":\"SearchAction\",\"target\":{\"@type\":\"EntryPoint\",\"urlTemplate\":\"https:\/\/www.santamariaequestrianclub.com\/?s={search_term_string}\"},\"query-input\":{\"@type\":\"PropertyValueSpecification\",\"valueRequired\":true,\"valueName\":\"search_term_string\"}}],\"inLanguage\":\"es\"},{\"@type\":\"Organization\",\"@id\":\"https:\/\/www.santamariaequestrianclub.com\/#organization\",\"name\":\"Santa Mar\u00eda Equestrian Club\",\"url\":\"https:\/\/www.santamariaequestrianclub.com\/\",\"logo\":{\"@type\":\"ImageObject\",\"inLanguage\":\"es\",\"@id\":\"https:\/\/www.santamariaequestrianclub.com\/#\/schema\/logo\/image\/\",\"url\":\"https:\/\/www.santamariaequestrianclub.com\/wp-content\/uploads\/2019\/07\/Equestrian_Sotogrande.png\",\"contentUrl\":\"https:\/\/www.santamariaequestrianclub.com\/wp-content\/uploads\/2019\/07\/Equestrian_Sotogrande.png\",\"width\":1616,\"height\":1600,\"caption\":\"Santa Mar\u00eda Equestrian Club\"},\"image\":{\"@id\":\"https:\/\/www.santamariaequestrianclub.com\/#\/schema\/logo\/image\/\"},\"sameAs\":[\"https:\/\/www.facebook.com\/santamariaequestrianclub\",\"https:\/\/x.com\/SantaMariaEClub\",\"https:\/\/www.instagram.com\/santamariaequestrianclub\/\"]}]}<\/script>\n<!-- \/ Yoast SEO plugin. -->","yoast_head_json":{"title":"Centro h\u00edpico en Marbella, M\u00e1laga, C\u00e1diz - Santa Mar\u00eda Equestrian Club","description":"Santa Maria Equestrian Club es un nuevo centro h\u00edpico con magn\u00edficas instalaciones ubicado en Puente de Hierro que alberga importantes competiciones.","robots":{"index":"index","follow":"follow","max-snippet":"max-snippet:-1","max-image-preview":"max-image-preview:large","max-video-preview":"max-video-preview:-1"},"canonical":"https:\/\/www.santamariaequestrianclub.com\/es\/sobre-nosotros\/","og_locale":"es_ES","og_type":"article","og_title":"Centro h\u00edpico en Marbella, M\u00e1laga, C\u00e1diz - Santa Mar\u00eda Equestrian Club","og_description":"Santa Maria Equestrian Club es un nuevo centro h\u00edpico con magn\u00edficas instalaciones ubicado en Puente de Hierro que alberga importantes competiciones.","og_url":"https:\/\/www.santamariaequestrianclub.com\/es\/sobre-nosotros\/","og_site_name":"Santa Mar\u00eda Equestrian Club","article_publisher":"https:\/\/www.facebook.com\/santamariaequestrianclub","article_modified_time":"2022-03-23T12:58:36+00:00","twitter_card":"summary_large_image","twitter_site":"@SantaMariaEClub","twitter_misc":{"Tiempo de lectura":"8 minutos"},"schema":{"@context":"https:\/\/schema.org","@graph":[{"@type":"WebPage","@id":"https:\/\/www.santamariaequestrianclub.com\/es\/sobre-nosotros\/","url":"https:\/\/www.santamariaequestrianclub.com\/es\/sobre-nosotros\/","name":"Centro h\u00edpico en Marbella, M\u00e1laga, C\u00e1diz - Santa Mar\u00eda Equestrian Club","isPartOf":{"@id":"https:\/\/www.santamariaequestrianclub.com\/#website"},"datePublished":"2019-08-21T10:12:13+00:00","dateModified":"2022-03-23T12:58:36+00:00","description":"Santa Maria Equestrian Club es un nuevo centro h\u00edpico con magn\u00edficas instalaciones ubicado en Puente de Hierro que alberga importantes competiciones.","breadcrumb":{"@id":"https:\/\/www.santamariaequestrianclub.com\/es\/sobre-nosotros\/#breadcrumb"},"inLanguage":"es","potentialAction":[{"@type":"ReadAction","target":["https:\/\/www.santamariaequestrianclub.com\/es\/sobre-nosotros\/"]}]},{"@type":"BreadcrumbList","@id":"https:\/\/www.santamariaequestrianclub.com\/es\/sobre-nosotros\/#breadcrumb","itemListElement":[{"@type":"ListItem","position":1,"name":"Home","item":"https:\/\/www.santamariaequestrianclub.com\/es\/"},{"@type":"ListItem","position":2,"name":"Sobre nosotros"}]},{"@type":"WebSite","@id":"https:\/\/www.santamariaequestrianclub.com\/#website","url":"https:\/\/www.santamariaequestrianclub.com\/","name":"Santa Mar\u00eda Equestrian Club","description":"","publisher":{"@id":"https:\/\/www.santamariaequestrianclub.com\/#organization"},"potentialAction":[{"@type":"SearchAction","target":{"@type":"EntryPoint","urlTemplate":"https:\/\/www.santamariaequestrianclub.com\/?s={search_term_string}"},"query-input":{"@type":"PropertyValueSpecification","valueRequired":true,"valueName":"search_term_string"}}],"inLanguage":"es"},{"@type":"Organization","@id":"https:\/\/www.santamariaequestrianclub.com\/#organization","name":"Santa Mar\u00eda Equestrian Club","url":"https:\/\/www.santamariaequestrianclub.com\/","logo":{"@type":"ImageObject","inLanguage":"es","@id":"https:\/\/www.santamariaequestrianclub.com\/#\/schema\/logo\/image\/","url":"https:\/\/www.santamariaequestrianclub.com\/wp-content\/uploads\/2019\/07\/Equestrian_Sotogrande.png","contentUrl":"https:\/\/www.santamariaequestrianclub.com\/wp-content\/uploads\/2019\/07\/Equestrian_Sotogrande.png","width":1616,"height":1600,"caption":"Santa Mar\u00eda Equestrian Club"},"image":{"@id":"https:\/\/www.santamariaequestrianclub.com\/#\/schema\/logo\/image\/"},"sameAs":["https:\/\/www.facebook.com\/santamariaequestrianclub","https:\/\/x.com\/SantaMariaEClub","https:\/\/www.instagram.com\/santamariaequestrianclub\/"]}]}},"_links":{"self":[{"href":"https:\/\/www.santamariaequestrianclub.com\/es\/wp-json\/wp\/v2\/pages\/1624","targetHints":{"allow":["GET"]}}],"collection":[{"href":"https:\/\/www.santamariaequestrianclub.com\/es\/wp-json\/wp\/v2\/pages"}],"about":[{"href":"https:\/\/www.santamariaequestrianclub.com\/es\/wp-json\/wp\/v2\/types\/page"}],"author":[{"embeddable":true,"href":"https:\/\/www.santamariaequestrianclub.com\/es\/wp-json\/wp\/v2\/users\/1"}],"replies":[{"embeddable":true,"href":"https:\/\/www.santamariaequestrianclub.com\/es\/wp-json\/wp\/v2\/comments?post=1624"}],"version-history":[{"count":2,"href":"https:\/\/www.santamariaequestrianclub.com\/es\/wp-json\/wp\/v2\/pages\/1624\/revisions"}],"predecessor-version":[{"id":2462,"href":"https:\/\/www.santamariaequestrianclub.com\/es\/wp-json\/wp\/v2\/pages\/1624\/revisions\/2462"}],"wp:attachment":[{"href":"https:\/\/www.santamariaequestrianclub.com\/es\/wp-json\/wp\/v2\/media?parent=1624"}],"curies":[{"name":"wp","href":"https:\/\/api.w.org\/{rel}","templated":true}]}}