{"id":1627,"date":"2019-08-21T12:35:03","date_gmt":"2019-08-21T10:35:03","guid":{"rendered":"http:\/\/www.santamariaequestrianclub.com\/instalaciones\/"},"modified":"2022-03-25T12:40:48","modified_gmt":"2022-03-25T11:40:48","slug":"instalaciones","status":"publish","type":"page","link":"https:\/\/www.santamariaequestrianclub.com\/es\/instalaciones\/","title":{"rendered":"Instalaciones"},"content":{"rendered":"<p><div class=\"fusion-fullwidth fullwidth-box fusion-builder-row-1 hundred-percent-fullwidth non-hundred-percent-height-scrolling fusion-equal-height-columns\" style=\"--awb-background-position:left top;--awb-border-radius-top-left:0px;--awb-border-radius-top-right:0px;--awb-border-radius-bottom-right:0px;--awb-border-radius-bottom-left:0px;--awb-padding-top:0px;--awb-padding-right:0px;--awb-padding-bottom:0px;--awb-padding-left:0px;--awb-border-sizes-top:0px;--awb-border-sizes-bottom:0px;--awb-flex-wrap:wrap;\" ><div class=\"fusion-builder-row fusion-row\"><div class=\"fusion-layout-column fusion_builder_column fusion-builder-column-0 fusion_builder_column_3_5 3_5 fusion-three-fifth fusion-column-first\" style=\"--awb-padding-top:90px;--awb-padding-right:10%;--awb-padding-bottom:80px;--awb-padding-left:10%;--awb-bg-size:cover;--awb-margin-top:0px;--awb-margin-bottom:0px;width:58.4%; margin-right: 4%;\"><div class=\"fusion-column-wrapper fusion-flex-column-wrapper-legacy\"><div class=\"fusion-text fusion-text-1\"><h1>Instalaciones<\/h1>\n<\/div><div class=\"fusion-sep-clear\"><\/div><div class=\"fusion-separator fusion-has-icon fusion-full-width-sep fusion-clearfix\" style=\"float:left;margin-top:4%;margin-bottom:40px;width:100%;\"><div class=\"fusion-separator-border sep-single sep-solid\" style=\"--awb-height:20px;--awb-amount:20px;border-color:#b9afa1;border-top-width:1px;\"><\/div><span class=\"icon-wrapper\" style=\"border-color:transparent;font-size:18px;width: 1.75em; height: 1.75em;border-width:1px;padding:1px;margin-top:-0.5px\"><i class=\"fa-horse-head fas\" style=\"font-size: inherit;color:#b9afa1;\" aria-hidden=\"true\"><\/i><\/span><div class=\"fusion-separator-border sep-single sep-solid\" style=\"--awb-height:20px;--awb-amount:20px;border-color:#b9afa1;border-top-width:1px;\"><\/div><\/div><div class=\"fusion-sep-clear\"><\/div><div class=\"fusion-text fusion-text-2\"><h5 style=\"text-align: center;\"><span style=\"color: #b9afa1;\">La perfecta combinaci\u00f3n de calidad y lujo<\/span><\/h5>\n<\/div><div class=\"fusion-sep-clear\"><\/div><div class=\"fusion-separator fusion-has-icon fusion-full-width-sep fusion-clearfix\" style=\"float:left;margin-top:10px;margin-bottom:50px;width:100%;\"><div class=\"fusion-separator-border sep-single sep-solid\" style=\"--awb-height:20px;--awb-amount:20px;border-color:#b9afa1;border-top-width:1px;\"><\/div><span class=\"icon-wrapper\" style=\"border-color:transparent;font-size:18px;width: 1.75em; height: 1.75em;border-width:1px;padding:1px;margin-top:-0.5px\"><i class=\"fa-horse-head fas\" style=\"font-size: inherit;color:#b9afa1;\" aria-hidden=\"true\"><\/i><\/span><div class=\"fusion-separator-border sep-single sep-solid\" style=\"--awb-height:20px;--awb-amount:20px;border-color:#b9afa1;border-top-width:1px;\"><\/div><\/div><div class=\"fusion-sep-clear\"><\/div><div class=\"fusion-text fusion-text-3\"><p style=\"text-align: justify;\">Dise\u00f1ado para cumplir con los m\u00e1s altos est\u00e1ndares del deporte ecuestre profesional y creado con una visi\u00f3n de exclusividad y belleza, Santa Maria Equestrian Club presenta con orgullo un lugar de vanguardia que combina lo mejor de ambos mundos.<\/p>\n<\/div><div class=\"fusion-text fusion-text-4\"><p style=\"text-align: justify;\">Ubicado en la finca Puente de Hierro junto al r\u00edo Guadiaro, este centro est\u00e1 construido en un \u00e1rea que comprende 52 hect\u00e1reas. Esto incluye 12.000 m2 de pistas all weather, 120 establos y 41.680 m2 de campos de c\u00e9sped Bermuda perfectamente acondicionados para actividades ecuestres. Los alrededores ofrecen hermosos senderos para cabalgar por paisajes de todo el valle de Guadiaro y vistas al mar.<\/p>\n<\/div><div class=\"fusion-clearfix\"><\/div><\/div><\/div><div class=\"fusion-layout-column fusion_builder_column fusion-builder-column-1 fusion_builder_column_2_5 2_5 fusion-two-fifth fusion-column-last fusion-animated\" style=\"--awb-bg-image:url(&#039;https:\/\/www.santamariaequestrianclub.com\/wp-content\/uploads\/2022\/03\/Aerea-SMEC.jpg&#039;);--awb-bg-position:center center;--awb-bg-size:cover;--awb-margin-top:0px;--awb-margin-bottom:0px;width:37.6%;\" data-animationType=\"fadeInLeft\" data-animationDuration=\"0.6\" data-animationOffset=\"top-into-view\"><div class=\"fusion-column-wrapper fusion-column-has-shadow fusion-flex-column-wrapper-legacy fusion-column-has-bg-image\" data-bg-url=\"https:\/\/www.santamariaequestrianclub.com\/wp-content\/uploads\/2022\/03\/Aerea-SMEC.jpg\"><div class=\"fusion-sep-clear\"><\/div><div class=\"fusion-separator fusion-full-width-sep\" style=\"margin-left: auto;margin-right: auto;margin-top:300px;width:100%;\"><\/div><div class=\"fusion-sep-clear\"><\/div><div class=\"fusion-clearfix\"><\/div><\/div><\/div><\/div><\/div><div class=\"fusion-fullwidth fullwidth-box fusion-builder-row-2 nonhundred-percent-fullwidth non-hundred-percent-height-scrolling fusion-equal-height-columns\" style=\"--awb-background-position:left top;--awb-border-radius-top-left:0px;--awb-border-radius-top-right:0px;--awb-border-radius-bottom-right:0px;--awb-border-radius-bottom-left:0px;--awb-padding-top:6%;--awb-padding-bottom:0px;--awb-background-color:#ffffff;--awb-border-sizes-top:0px;--awb-border-sizes-bottom:0px;--awb-flex-wrap:wrap;\" ><div class=\"fusion-builder-row fusion-row\"><div class=\"fusion-layout-column fusion_builder_column fusion-builder-column-2 fusion_builder_column_3_5 3_5 fusion-three-fifth fusion-column-first\" style=\"--awb-bg-size:cover;--awb-margin-bottom:30px;width:60%;width:calc(60% - ( ( 8% ) * 0.6 ) );margin-right: 8%;\"><div class=\"fusion-column-wrapper fusion-flex-column-wrapper-legacy\"><div class=\"fusion-image-element fusion-image-align-center in-legacy-container\" style=\"text-align:center;--awb-caption-title-font-family:var(--h2_typography-font-family);--awb-caption-title-font-weight:var(--h2_typography-font-weight);--awb-caption-title-font-style:var(--h2_typography-font-style);--awb-caption-title-size:var(--h2_typography-font-size);--awb-caption-title-transform:var(--h2_typography-text-transform);--awb-caption-title-line-height:var(--h2_typography-line-height);--awb-caption-title-letter-spacing:var(--h2_typography-letter-spacing);\"><div class=\"imageframe-align-center\"><span class=\" fusion-imageframe imageframe-dropshadow imageframe-1 hover-type-zoomin imgArena fusion-animated\" style=\"border:32px solid #ffffff;-webkit-box-shadow: 3px 3px 7px rgba(93,88,82,0.3);box-shadow: 3px 3px 7px rgba(93,88,82,0.3);\" data-animationType=\"fadeInLeft\" data-animationDuration=\"0.6\" data-animationOffset=\"top-into-view\"><img decoding=\"async\" width=\"1600\" height=\"900\" alt=\"Centro h\u00edpico Marbella\" title=\"Centro h\u00edpico Sotogrande\" src=\"https:\/\/www.santamariaequestrianclub.com\/wp-content\/uploads\/2019\/08\/dos.jpg\" class=\"img-responsive wp-image-1765\" srcset=\"https:\/\/www.santamariaequestrianclub.com\/wp-content\/uploads\/2019\/08\/dos-200x113.jpg 200w, https:\/\/www.santamariaequestrianclub.com\/wp-content\/uploads\/2019\/08\/dos-400x225.jpg 400w, https:\/\/www.santamariaequestrianclub.com\/wp-content\/uploads\/2019\/08\/dos-600x338.jpg 600w, https:\/\/www.santamariaequestrianclub.com\/wp-content\/uploads\/2019\/08\/dos-800x450.jpg 800w, https:\/\/www.santamariaequestrianclub.com\/wp-content\/uploads\/2019\/08\/dos-1200x675.jpg 1200w, https:\/\/www.santamariaequestrianclub.com\/wp-content\/uploads\/2019\/08\/dos.jpg 1600w\" sizes=\"(max-width: 1050px) 100vw, 800px\" \/><\/span><\/div><\/div><div class=\"fusion-image-element fusion-image-align-center in-legacy-container\" style=\"text-align:center;--awb-caption-title-font-family:var(--h2_typography-font-family);--awb-caption-title-font-weight:var(--h2_typography-font-weight);--awb-caption-title-font-style:var(--h2_typography-font-style);--awb-caption-title-size:var(--h2_typography-font-size);--awb-caption-title-transform:var(--h2_typography-text-transform);--awb-caption-title-line-height:var(--h2_typography-line-height);--awb-caption-title-letter-spacing:var(--h2_typography-letter-spacing);\"><div class=\"imageframe-align-center\"><span class=\" fusion-imageframe imageframe-dropshadow imageframe-2 hover-type-zoomin fusion-animated\" style=\"border:32px solid #ffffff;-webkit-box-shadow: 3px 3px 7px rgba(93,88,82,0.3);box-shadow: 3px 3px 7px rgba(93,88,82,0.3);\" data-animationType=\"fadeInLeft\" data-animationDuration=\"0.6\" data-animationOffset=\"top-into-view\"><img decoding=\"async\" width=\"1309\" height=\"598\" alt=\"Centro h\u00edpico M\u00e1laga\" title=\"Club h\u00edpico Sotogrande\" src=\"https:\/\/www.santamariaequestrianclub.com\/wp-content\/uploads\/2019\/07\/club_v5.jpg\" class=\"img-responsive wp-image-1552\" srcset=\"https:\/\/www.santamariaequestrianclub.com\/wp-content\/uploads\/2019\/07\/club_v5-200x91.jpg 200w, https:\/\/www.santamariaequestrianclub.com\/wp-content\/uploads\/2019\/07\/club_v5-400x183.jpg 400w, https:\/\/www.santamariaequestrianclub.com\/wp-content\/uploads\/2019\/07\/club_v5-600x274.jpg 600w, https:\/\/www.santamariaequestrianclub.com\/wp-content\/uploads\/2019\/07\/club_v5-800x365.jpg 800w, https:\/\/www.santamariaequestrianclub.com\/wp-content\/uploads\/2019\/07\/club_v5-1200x548.jpg 1200w, https:\/\/www.santamariaequestrianclub.com\/wp-content\/uploads\/2019\/07\/club_v5.jpg 1309w\" sizes=\"(max-width: 1050px) 100vw, 800px\" \/><\/span><\/div><\/div><div class=\"fusion-clearfix\"><\/div><\/div><\/div><div class=\"fusion-layout-column fusion_builder_column fusion-builder-column-3 fusion_builder_column_2_5 2_5 fusion-two-fifth fusion-column-last\" style=\"--awb-bg-size:cover;--awb-margin-top:30px;--awb-margin-bottom:30px;width:40%;width:calc(40% - ( ( 8% ) * 0.4 ) );\"><div class=\"fusion-column-wrapper fusion-flex-column-wrapper-legacy\"><div class=\"fusion-column-content-centered\"><div class=\"fusion-column-content\"><div class=\"fusion-text fusion-text-5\"><p>Las instalaciones est\u00e1n equipadas con:<\/p>\n<ul>\n<li>Pista principal: 95m x 105m \u2013 Sistema de flujo y reflujo All Weather Risohorse\u00ae de Klaus Dammann.<\/li>\n<li>Segunda pista: 30m x 70m \u2013 Sistema de flujo y reflujo All Weather Risohorse\u00ae de Klaus Dammann.<\/li>\n<li>Pista de hierba: 1 campo de c\u00e9sped Bermuda de 41.600 m2.<\/li>\n<li>Caminador de caballos semicubierto \u2013 R\u00f6wer &amp; R\u00fcb.<\/li>\n<li>C\u00edrculo de dar cuerda cubierta \u2013 R\u00f6wer &amp; R\u00fcb.<\/li>\n<li>Pista de galope de geotextil.<\/li>\n<li>Paddocks de superficie de arena.<\/li>\n<li>Aparcamiento de coches y camiones.<\/li>\n<\/ul>\n<\/div><div class=\"fusion-sep-clear\"><\/div><div class=\"fusion-separator fusion-full-width-sep\" style=\"margin-left: auto;margin-right: auto;margin-top:20px;margin-bottom:20px;width:100%;\"><\/div><div class=\"fusion-sep-clear\"><\/div><\/div><\/div><div class=\"fusion-clearfix\"><\/div><\/div><\/div><\/div><\/div><div class=\"fusion-fullwidth fullwidth-box fusion-builder-row-3 nonhundred-percent-fullwidth non-hundred-percent-height-scrolling fusion-equal-height-columns\" style=\"--awb-background-position:left top;--awb-border-radius-top-left:0px;--awb-border-radius-top-right:0px;--awb-border-radius-bottom-right:0px;--awb-border-radius-bottom-left:0px;--awb-padding-top:6%;--awb-padding-bottom:0px;--awb-background-color:#ffffff;--awb-border-sizes-top:0px;--awb-border-sizes-bottom:0px;--awb-flex-wrap:wrap;\" ><div class=\"fusion-builder-row fusion-row\"><div class=\"fusion-layout-column fusion_builder_column fusion-builder-column-4 fusion_builder_column_2_5 2_5 fusion-two-fifth fusion-column-first\" style=\"--awb-bg-size:cover;--awb-margin-top:30px;--awb-margin-bottom:30px;width:40%;width:calc(40% - ( ( 8% ) * 0.4 ) );margin-right: 8%;\"><div class=\"fusion-column-wrapper fusion-flex-column-wrapper-legacy\"><div class=\"fusion-column-content-centered\"><div class=\"fusion-column-content\"><div class=\"fusion-text fusion-text-6\"><h2>Cuadras para caballos<\/h2>\n<\/div><div class=\"fusion-sep-clear\"><\/div><div class=\"fusion-separator fusion-full-width-sep\" style=\"margin-left: auto;margin-right: auto;margin-top:20px;margin-bottom:20px;width:100%;\"><\/div><div class=\"fusion-sep-clear\"><\/div><div class=\"fusion-text fusion-text-7\"><p style=\"text-align: justify;\">Las cuadras principales cuenta con 79 boxes modernos de 3.5 mts x 3.5 mts de R\u00f6wer &amp; R\u00fcb. Todos equipados con bebederos autom\u00e1ticos y comederos integrados, varias duchas para caballos, pasillos con suelo de ladrillo antideslizante, todo construido con excelentes vistas a la pista principal y a los alrededores.<\/p>\n<p>Las cuadras tambi\u00e9n est\u00e1n equipadas con:<\/p>\n<ul>\n<li>2 graneros de almacenamiento grande.<\/li>\n<li>10 guadarneses privados.<\/li>\n<li>Vestuarios y duchas.<\/li>\n<li>Apartamentos.<\/li>\n<li>Casa Club.<\/li>\n<\/ul>\n<\/div><\/div><\/div><div class=\"fusion-clearfix\"><\/div><\/div><\/div><div class=\"fusion-layout-column fusion_builder_column fusion-builder-column-5 fusion_builder_column_3_5 3_5 fusion-three-fifth fusion-column-last\" style=\"--awb-bg-size:cover;--awb-margin-bottom:30px;width:60%;width:calc(60% - ( ( 8% ) * 0.6 ) );\"><div class=\"fusion-column-wrapper fusion-flex-column-wrapper-legacy\"><div class=\"fusion-image-element fusion-image-align-center in-legacy-container\" style=\"text-align:center;--awb-caption-title-font-family:var(--h2_typography-font-family);--awb-caption-title-font-weight:var(--h2_typography-font-weight);--awb-caption-title-font-style:var(--h2_typography-font-style);--awb-caption-title-size:var(--h2_typography-font-size);--awb-caption-title-transform:var(--h2_typography-text-transform);--awb-caption-title-line-height:var(--h2_typography-line-height);--awb-caption-title-letter-spacing:var(--h2_typography-letter-spacing);\"><div class=\"imageframe-align-center\"><span class=\" fusion-imageframe imageframe-dropshadow imageframe-3 hover-type-zoomin fusion-animated\" style=\"border:32px solid #ffffff;-webkit-box-shadow: 3px 3px 7px rgba(93,88,82,0.3);box-shadow: 3px 3px 7px rgba(93,88,82,0.3);\" data-animationType=\"fadeInLeft\" data-animationDuration=\"0.6\" data-animationOffset=\"top-into-view\"><img decoding=\"async\" width=\"1481\" height=\"808\" alt=\"cuadras para caballos de lujo\" title=\"Cuadras para caballos\" src=\"https:\/\/www.santamariaequestrianclub.com\/wp-content\/uploads\/2019\/07\/club_v6.jpg\" class=\"img-responsive wp-image-1551\" srcset=\"https:\/\/www.santamariaequestrianclub.com\/wp-content\/uploads\/2019\/07\/club_v6-200x109.jpg 200w, https:\/\/www.santamariaequestrianclub.com\/wp-content\/uploads\/2019\/07\/club_v6-400x218.jpg 400w, https:\/\/www.santamariaequestrianclub.com\/wp-content\/uploads\/2019\/07\/club_v6-600x327.jpg 600w, https:\/\/www.santamariaequestrianclub.com\/wp-content\/uploads\/2019\/07\/club_v6-800x436.jpg 800w, https:\/\/www.santamariaequestrianclub.com\/wp-content\/uploads\/2019\/07\/club_v6-1200x655.jpg 1200w, https:\/\/www.santamariaequestrianclub.com\/wp-content\/uploads\/2019\/07\/club_v6.jpg 1481w\" sizes=\"(max-width: 1050px) 100vw, 800px\" \/><\/span><\/div><\/div><div class=\"fusion-clearfix\"><\/div><\/div><\/div><\/div><\/div><\/p>\n","protected":false},"excerpt":{"rendered":"","protected":false},"author":1,"featured_media":0,"parent":0,"menu_order":0,"comment_status":"closed","ping_status":"closed","template":"100-width.php","meta":{"footnotes":""},"class_list":["post-1627","page","type-page","status-publish","hentry"],"yoast_head":"<!-- This site is optimized with the Yoast SEO plugin v26.3 - https:\/\/yoast.com\/wordpress\/plugins\/seo\/ -->\n<title>Centro ecuestre en Marbella, M\u00e1laga, C\u00e1diz - Santa Mar\u00eda Equestrian Club<\/title>\n<meta name=\"description\" content=\"Centro h\u00edpico Santa Mar\u00eda Equestrian. Las mejores instalaciones para tu caballo de la marca R\u00f6wer and Rob entra e inf\u00f3rmate\" \/>\n<meta name=\"robots\" content=\"index, follow, max-snippet:-1, max-image-preview:large, max-video-preview:-1\" \/>\n<link rel=\"canonical\" href=\"https:\/\/www.santamariaequestrianclub.com\/es\/instalaciones\/\" \/>\n<meta property=\"og:locale\" content=\"es_ES\" \/>\n<meta property=\"og:type\" content=\"article\" \/>\n<meta property=\"og:title\" content=\"Centro ecuestre en Marbella, M\u00e1laga, C\u00e1diz - Santa Mar\u00eda Equestrian Club\" \/>\n<meta property=\"og:description\" content=\"Centro h\u00edpico Santa Mar\u00eda Equestrian. Las mejores instalaciones para tu caballo de la marca R\u00f6wer and Rob entra e inf\u00f3rmate\" \/>\n<meta property=\"og:url\" content=\"https:\/\/www.santamariaequestrianclub.com\/es\/instalaciones\/\" \/>\n<meta property=\"og:site_name\" content=\"Santa Mar\u00eda Equestrian Club\" \/>\n<meta property=\"article:publisher\" content=\"https:\/\/www.facebook.com\/santamariaequestrianclub\" \/>\n<meta property=\"article:modified_time\" content=\"2022-03-25T11:40:48+00:00\" \/>\n<meta name=\"twitter:card\" content=\"summary_large_image\" \/>\n<meta name=\"twitter:site\" content=\"@SantaMariaEClub\" \/>\n<meta name=\"twitter:label1\" content=\"Tiempo de lectura\" \/>\n\t<meta name=\"twitter:data1\" content=\"9 minutos\" \/>\n<script type=\"application\/ld+json\" class=\"yoast-schema-graph\">{\"@context\":\"https:\/\/schema.org\",\"@graph\":[{\"@type\":\"WebPage\",\"@id\":\"https:\/\/www.santamariaequestrianclub.com\/es\/instalaciones\/\",\"url\":\"https:\/\/www.santamariaequestrianclub.com\/es\/instalaciones\/\",\"name\":\"Centro ecuestre en Marbella, M\u00e1laga, C\u00e1diz - Santa Mar\u00eda Equestrian Club\",\"isPartOf\":{\"@id\":\"https:\/\/www.santamariaequestrianclub.com\/#website\"},\"datePublished\":\"2019-08-21T10:35:03+00:00\",\"dateModified\":\"2022-03-25T11:40:48+00:00\",\"description\":\"Centro h\u00edpico Santa Mar\u00eda Equestrian. Las mejores instalaciones para tu caballo de la marca R\u00f6wer and Rob entra e inf\u00f3rmate\",\"breadcrumb\":{\"@id\":\"https:\/\/www.santamariaequestrianclub.com\/es\/instalaciones\/#breadcrumb\"},\"inLanguage\":\"es\",\"potentialAction\":[{\"@type\":\"ReadAction\",\"target\":[\"https:\/\/www.santamariaequestrianclub.com\/es\/instalaciones\/\"]}]},{\"@type\":\"BreadcrumbList\",\"@id\":\"https:\/\/www.santamariaequestrianclub.com\/es\/instalaciones\/#breadcrumb\",\"itemListElement\":[{\"@type\":\"ListItem\",\"position\":1,\"name\":\"Home\",\"item\":\"https:\/\/www.santamariaequestrianclub.com\/es\/\"},{\"@type\":\"ListItem\",\"position\":2,\"name\":\"Instalaciones\"}]},{\"@type\":\"WebSite\",\"@id\":\"https:\/\/www.santamariaequestrianclub.com\/#website\",\"url\":\"https:\/\/www.santamariaequestrianclub.com\/\",\"name\":\"Santa Mar\u00eda Equestrian Club\",\"description\":\"\",\"publisher\":{\"@id\":\"https:\/\/www.santamariaequestrianclub.com\/#organization\"},\"potentialAction\":[{\"@type\":\"SearchAction\",\"target\":{\"@type\":\"EntryPoint\",\"urlTemplate\":\"https:\/\/www.santamariaequestrianclub.com\/?s={search_term_string}\"},\"query-input\":{\"@type\":\"PropertyValueSpecification\",\"valueRequired\":true,\"valueName\":\"search_term_string\"}}],\"inLanguage\":\"es\"},{\"@type\":\"Organization\",\"@id\":\"https:\/\/www.santamariaequestrianclub.com\/#organization\",\"name\":\"Santa Mar\u00eda Equestrian Club\",\"url\":\"https:\/\/www.santamariaequestrianclub.com\/\",\"logo\":{\"@type\":\"ImageObject\",\"inLanguage\":\"es\",\"@id\":\"https:\/\/www.santamariaequestrianclub.com\/#\/schema\/logo\/image\/\",\"url\":\"https:\/\/www.santamariaequestrianclub.com\/wp-content\/uploads\/2019\/07\/Equestrian_Sotogrande.png\",\"contentUrl\":\"https:\/\/www.santamariaequestrianclub.com\/wp-content\/uploads\/2019\/07\/Equestrian_Sotogrande.png\",\"width\":1616,\"height\":1600,\"caption\":\"Santa Mar\u00eda Equestrian Club\"},\"image\":{\"@id\":\"https:\/\/www.santamariaequestrianclub.com\/#\/schema\/logo\/image\/\"},\"sameAs\":[\"https:\/\/www.facebook.com\/santamariaequestrianclub\",\"https:\/\/x.com\/SantaMariaEClub\",\"https:\/\/www.instagram.com\/santamariaequestrianclub\/\"]}]}<\/script>\n<!-- \/ Yoast SEO plugin. -->","yoast_head_json":{"title":"Centro ecuestre en Marbella, M\u00e1laga, C\u00e1diz - Santa Mar\u00eda Equestrian Club","description":"Centro h\u00edpico Santa Mar\u00eda Equestrian. Las mejores instalaciones para tu caballo de la marca R\u00f6wer and Rob entra e inf\u00f3rmate","robots":{"index":"index","follow":"follow","max-snippet":"max-snippet:-1","max-image-preview":"max-image-preview:large","max-video-preview":"max-video-preview:-1"},"canonical":"https:\/\/www.santamariaequestrianclub.com\/es\/instalaciones\/","og_locale":"es_ES","og_type":"article","og_title":"Centro ecuestre en Marbella, M\u00e1laga, C\u00e1diz - Santa Mar\u00eda Equestrian Club","og_description":"Centro h\u00edpico Santa Mar\u00eda Equestrian. Las mejores instalaciones para tu caballo de la marca R\u00f6wer and Rob entra e inf\u00f3rmate","og_url":"https:\/\/www.santamariaequestrianclub.com\/es\/instalaciones\/","og_site_name":"Santa Mar\u00eda Equestrian Club","article_publisher":"https:\/\/www.facebook.com\/santamariaequestrianclub","article_modified_time":"2022-03-25T11:40:48+00:00","twitter_card":"summary_large_image","twitter_site":"@SantaMariaEClub","twitter_misc":{"Tiempo de lectura":"9 minutos"},"schema":{"@context":"https:\/\/schema.org","@graph":[{"@type":"WebPage","@id":"https:\/\/www.santamariaequestrianclub.com\/es\/instalaciones\/","url":"https:\/\/www.santamariaequestrianclub.com\/es\/instalaciones\/","name":"Centro ecuestre en Marbella, M\u00e1laga, C\u00e1diz - Santa Mar\u00eda Equestrian Club","isPartOf":{"@id":"https:\/\/www.santamariaequestrianclub.com\/#website"},"datePublished":"2019-08-21T10:35:03+00:00","dateModified":"2022-03-25T11:40:48+00:00","description":"Centro h\u00edpico Santa Mar\u00eda Equestrian. Las mejores instalaciones para tu caballo de la marca R\u00f6wer and Rob entra e inf\u00f3rmate","breadcrumb":{"@id":"https:\/\/www.santamariaequestrianclub.com\/es\/instalaciones\/#breadcrumb"},"inLanguage":"es","potentialAction":[{"@type":"ReadAction","target":["https:\/\/www.santamariaequestrianclub.com\/es\/instalaciones\/"]}]},{"@type":"BreadcrumbList","@id":"https:\/\/www.santamariaequestrianclub.com\/es\/instalaciones\/#breadcrumb","itemListElement":[{"@type":"ListItem","position":1,"name":"Home","item":"https:\/\/www.santamariaequestrianclub.com\/es\/"},{"@type":"ListItem","position":2,"name":"Instalaciones"}]},{"@type":"WebSite","@id":"https:\/\/www.santamariaequestrianclub.com\/#website","url":"https:\/\/www.santamariaequestrianclub.com\/","name":"Santa Mar\u00eda Equestrian Club","description":"","publisher":{"@id":"https:\/\/www.santamariaequestrianclub.com\/#organization"},"potentialAction":[{"@type":"SearchAction","target":{"@type":"EntryPoint","urlTemplate":"https:\/\/www.santamariaequestrianclub.com\/?s={search_term_string}"},"query-input":{"@type":"PropertyValueSpecification","valueRequired":true,"valueName":"search_term_string"}}],"inLanguage":"es"},{"@type":"Organization","@id":"https:\/\/www.santamariaequestrianclub.com\/#organization","name":"Santa Mar\u00eda Equestrian Club","url":"https:\/\/www.santamariaequestrianclub.com\/","logo":{"@type":"ImageObject","inLanguage":"es","@id":"https:\/\/www.santamariaequestrianclub.com\/#\/schema\/logo\/image\/","url":"https:\/\/www.santamariaequestrianclub.com\/wp-content\/uploads\/2019\/07\/Equestrian_Sotogrande.png","contentUrl":"https:\/\/www.santamariaequestrianclub.com\/wp-content\/uploads\/2019\/07\/Equestrian_Sotogrande.png","width":1616,"height":1600,"caption":"Santa Mar\u00eda Equestrian Club"},"image":{"@id":"https:\/\/www.santamariaequestrianclub.com\/#\/schema\/logo\/image\/"},"sameAs":["https:\/\/www.facebook.com\/santamariaequestrianclub","https:\/\/x.com\/SantaMariaEClub","https:\/\/www.instagram.com\/santamariaequestrianclub\/"]}]}},"_links":{"self":[{"href":"https:\/\/www.santamariaequestrianclub.com\/es\/wp-json\/wp\/v2\/pages\/1627","targetHints":{"allow":["GET"]}}],"collection":[{"href":"https:\/\/www.santamariaequestrianclub.com\/es\/wp-json\/wp\/v2\/pages"}],"about":[{"href":"https:\/\/www.santamariaequestrianclub.com\/es\/wp-json\/wp\/v2\/types\/page"}],"author":[{"embeddable":true,"href":"https:\/\/www.santamariaequestrianclub.com\/es\/wp-json\/wp\/v2\/users\/1"}],"replies":[{"embeddable":true,"href":"https:\/\/www.santamariaequestrianclub.com\/es\/wp-json\/wp\/v2\/comments?post=1627"}],"version-history":[{"count":2,"href":"https:\/\/www.santamariaequestrianclub.com\/es\/wp-json\/wp\/v2\/pages\/1627\/revisions"}],"predecessor-version":[{"id":2632,"href":"https:\/\/www.santamariaequestrianclub.com\/es\/wp-json\/wp\/v2\/pages\/1627\/revisions\/2632"}],"wp:attachment":[{"href":"https:\/\/www.santamariaequestrianclub.com\/es\/wp-json\/wp\/v2\/media?parent=1627"}],"curies":[{"name":"wp","href":"https:\/\/api.w.org\/{rel}","templated":true}]}}