{"id":2060,"date":"2020-03-13T14:11:07","date_gmt":"2020-03-13T13:11:07","guid":{"rendered":"https:\/\/www.santamariaequestrianclub.com\/?page_id=2060"},"modified":"2020-03-16T09:05:25","modified_gmt":"2020-03-16T08:05:25","slug":"concurso-de-salto-social-agosto-de-2019","status":"publish","type":"page","link":"https:\/\/www.santamariaequestrianclub.com\/es\/concurso-de-salto-social-agosto-de-2019\/","title":{"rendered":"Concurso de Salto Social Agosto de 2019"},"content":{"rendered":"<p><div class=\"fusion-fullwidth fullwidth-box fusion-builder-row-1 hundred-percent-fullwidth non-hundred-percent-height-scrolling fusion-equal-height-columns\" style=\"--awb-background-position:left top;--awb-border-radius-top-left:0px;--awb-border-radius-top-right:0px;--awb-border-radius-bottom-right:0px;--awb-border-radius-bottom-left:0px;--awb-padding-top:0px;--awb-padding-right:0px;--awb-padding-bottom:0px;--awb-padding-left:0px;--awb-border-sizes-top:0px;--awb-border-sizes-bottom:0px;--awb-flex-wrap:wrap;\" ><div class=\"fusion-builder-row fusion-row\"><div class=\"fusion-layout-column fusion_builder_column fusion-builder-column-0 fusion_builder_column_3_5 3_5 fusion-three-fifth fusion-column-first\" style=\"--awb-padding-top:90px;--awb-padding-right:10%;--awb-padding-bottom:80px;--awb-padding-left:10%;--awb-bg-size:cover;--awb-margin-top:0px;--awb-margin-bottom:0px;width:58.4%; margin-right: 4%;\"><div class=\"fusion-column-wrapper fusion-flex-column-wrapper-legacy\"><div class=\"fusion-text fusion-text-1\"><h1 style=\"text-align: center; line-height: 90px; font-size: 72px;\">Concurso de Salto Social Agosto de 2019 en Sotogrande<\/h1>\n<\/div><div class=\"fusion-sep-clear\"><\/div><div class=\"fusion-separator fusion-has-icon fusion-full-width-sep fusion-clearfix\" style=\"float:left;margin-top:4%;margin-bottom:40px;width:100%;\"><div class=\"fusion-separator-border sep-single sep-solid\" style=\"--awb-height:20px;--awb-amount:20px;border-color:#b9afa1;border-top-width:1px;\"><\/div><span class=\"icon-wrapper\" style=\"border-color:transparent;font-size:18px;width: 1.75em; height: 1.75em;border-width:1px;padding:1px;margin-top:-0.5px\"><i class=\"fa-horse-head fas\" style=\"font-size: inherit;color:#b9afa1;\" aria-hidden=\"true\"><\/i><\/span><div class=\"fusion-separator-border sep-single sep-solid\" style=\"--awb-height:20px;--awb-amount:20px;border-color:#b9afa1;border-top-width:1px;\"><\/div><\/div><div class=\"fusion-sep-clear\"><\/div><div class=\"fusion-text fusion-text-2\"><h5 style=\"text-align: center;\" data-fontsize=\"26\" data-lineheight=\"36\"><span style=\"color: #b9afa1;\">Las instalaciones del Club Ecuestre Santa Mar\u00eda (SMEC) fueron el escenario del Concurso de Saltos Sociales celebrado del 14 al 16 de agosto de 2019, que termin\u00f3 con gran \u00e9xito de participantes y p\u00fablico.<\/span><\/h5>\n<\/div><div class=\"fusion-sep-clear\"><\/div><div class=\"fusion-separator fusion-has-icon fusion-full-width-sep fusion-clearfix\" style=\"float:left;margin-top:10px;margin-bottom:50px;width:100%;\"><div class=\"fusion-separator-border sep-single sep-solid\" style=\"--awb-height:20px;--awb-amount:20px;border-color:#b9afa1;border-top-width:1px;\"><\/div><span class=\"icon-wrapper\" style=\"border-color:transparent;font-size:18px;width: 1.75em; height: 1.75em;border-width:1px;padding:1px;margin-top:-0.5px\"><i class=\"fa-horse-head fas\" style=\"font-size: inherit;color:#b9afa1;\" aria-hidden=\"true\"><\/i><\/span><div class=\"fusion-separator-border sep-single sep-solid\" style=\"--awb-height:20px;--awb-amount:20px;border-color:#b9afa1;border-top-width:1px;\"><\/div><\/div><div class=\"fusion-sep-clear\"><\/div><div class=\"fusion-sep-clear\"><\/div><div class=\"fusion-separator fusion-full-width-sep\" style=\"margin-left: auto;margin-right: auto;margin-top:10px;width:100%;\"><\/div><div class=\"fusion-sep-clear\"><\/div><ul style=\"--awb-line-height:23.8px;--awb-icon-width:23.8px;--awb-icon-height:23.8px;--awb-icon-margin:9.8px;--awb-content-margin:33.6px;\" class=\"fusion-checklist fusion-checklist-1 fusion-checklist-default type-icons events\" id=\"events\"><li class=\"fusion-li-item\" style=\"\"><span class=\"icon-wrapper circle-no\"><i class=\"fusion-li-icon fa-trophy fas\" aria-hidden=\"true\"><\/i><\/span><div class=\"fusion-li-item-content\">\n<h3 style=\"text-align: center; font-size: 25px; margin-bottom: 10px !important;\"><a href=\"https:\/\/www.santamariaequestrianclub.com\/wp-content\/uploads\/2020\/02\/RESULTADOS-DIA-14.pdf\" target=\"_blank\" rel=\"noopener noreferrer\"><strong>D\u00eda 1: Resultados<\/strong> 14 de agosto &gt;<\/a><\/h3>\n<\/div><\/li><li class=\"fusion-li-item\" style=\"\"><span class=\"icon-wrapper circle-no\"><i class=\"fusion-li-icon fa-trophy fas\" aria-hidden=\"true\"><\/i><\/span><div class=\"fusion-li-item-content\">\n<h3 style=\"text-align: center; font-size: 25px; margin-bottom: 10px !important;\"><a href=\"https:\/\/www.santamariaequestrianclub.com\/wp-content\/uploads\/2020\/02\/RESULTADOS-DIA-15.pdf\" target=\"_blank\" rel=\"noopener noreferrer\"><strong>D\u00eda 2: Resultados<\/strong> 15 de agosto &gt;<\/a><\/h3>\n<\/div><\/li><li class=\"fusion-li-item\" style=\"\"><span class=\"icon-wrapper circle-no\"><i class=\"fusion-li-icon fa-trophy fas\" aria-hidden=\"true\"><\/i><\/span><div class=\"fusion-li-item-content\">\n<h3 style=\"text-align: center; font-size: 25px; margin-bottom: 10px !important;\"><a href=\"https:\/\/www.santamariaequestrianclub.com\/wp-content\/uploads\/2020\/02\/RESULTADOS-DIA-16.pdf\" target=\"_blank\" rel=\"noopener noreferrer\"><strong>D\u00eda 3: Resultados<\/strong> 16 de agosto &gt;<\/a><\/h3>\n<\/div><\/li><\/ul><div class=\"fusion-clearfix\"><\/div><\/div><\/div><div class=\"fusion-layout-column fusion_builder_column fusion-builder-column-1 fusion_builder_column_2_5 2_5 fusion-two-fifth fusion-column-last fusion-animated\" style=\"--awb-bg-image:url(&#039;https:\/\/www.santamariaequestrianclub.com\/wp-content\/uploads\/2020\/01\/ago-hero.jpg&#039;);--awb-bg-position:right bottom;--awb-bg-size:cover;--awb-margin-top:0px;--awb-margin-bottom:0px;width:37.6%;\" data-animationType=\"fadeInLeft\" data-animationDuration=\"0.6\" data-animationOffset=\"top-into-view\"><div class=\"fusion-column-wrapper fusion-column-has-shadow fusion-flex-column-wrapper-legacy fusion-column-has-bg-image\" data-bg-url=\"https:\/\/www.santamariaequestrianclub.com\/wp-content\/uploads\/2020\/01\/ago-hero.jpg\"><div class=\"fusion-sep-clear\"><\/div><div class=\"fusion-separator fusion-full-width-sep\" style=\"margin-left: auto;margin-right: auto;margin-top:200px;width:100%;\"><\/div><div class=\"fusion-sep-clear\"><\/div><div class=\"fusion-clearfix\"><\/div><\/div><\/div><\/div><\/div><div class=\"fusion-fullwidth fullwidth-box fusion-builder-row-2 divMap hundred-percent-fullwidth non-hundred-percent-height-scrolling fusion-equal-height-columns\" style=\"--awb-border-radius-top-left:0px;--awb-border-radius-top-right:0px;--awb-border-radius-bottom-right:0px;--awb-border-radius-bottom-left:0px;--awb-padding-top:2%;--awb-padding-bottom:7%;--awb-background-color:#ffffff;--awb-border-sizes-top:0px;--awb-border-sizes-bottom:0px;--awb-flex-wrap:wrap;\" ><div class=\"fusion-builder-row fusion-row\"><div class=\"fusion-layout-column fusion_builder_column fusion-builder-column-2 fusion_builder_column_1_1 1_1 fusion-one-full fusion-column-first fusion-column-last\" style=\"--awb-bg-size:cover;--awb-margin-top:30px;--awb-margin-bottom:30px;\"><div class=\"fusion-column-wrapper fusion-column-has-shadow fusion-flex-column-wrapper-legacy\"><div class=\"fusion-column-content-centered\"><div class=\"fusion-column-content\"><div class=\"awb-gallery-wrapper awb-gallery-wrapper-1 button-span-no\"><div style=\"margin:-5px;--awb-bordersize:0px;\" class=\"fusion-gallery fusion-gallery-container fusion-grid-4 fusion-columns-total-4 fusion-gallery-layout-grid fusion-gallery-1\"><div style=\"padding:5px;\" class=\"fusion-grid-column fusion-gallery-column fusion-gallery-column-4 hover-type-none\"><div class=\"fusion-gallery-image\"><a href=\"https:\/\/www.santamariaequestrianclub.com\/wp-content\/uploads\/2016\/08\/M9M_8893-copia.jpg\" rel=\"noreferrer\" data-rel=\"iLightbox[gallery_image_1]\" class=\"fusion-lightbox\" target=\"_self\"><img decoding=\"async\" src=\"https:\/\/www.santamariaequestrianclub.com\/wp-content\/uploads\/2016\/08\/M9M_8893-copia.jpg\" width=\"1200\" height=\"800\" alt=\"Evento ecuestre en Sotogrande\" title=\"Evento ecuestre en Sotogrande\" aria-label=\"Evento ecuestre en Sotogrande\" class=\"img-responsive wp-image-1470\" srcset=\"https:\/\/www.santamariaequestrianclub.com\/wp-content\/uploads\/2016\/08\/M9M_8893-copia-200x133.jpg 200w, https:\/\/www.santamariaequestrianclub.com\/wp-content\/uploads\/2016\/08\/M9M_8893-copia-400x267.jpg 400w, https:\/\/www.santamariaequestrianclub.com\/wp-content\/uploads\/2016\/08\/M9M_8893-copia-600x400.jpg 600w, https:\/\/www.santamariaequestrianclub.com\/wp-content\/uploads\/2016\/08\/M9M_8893-copia-800x533.jpg 800w, https:\/\/www.santamariaequestrianclub.com\/wp-content\/uploads\/2016\/08\/M9M_8893-copia.jpg 1200w\" sizes=\"(min-width: 2200px) 100vw, (min-width: 856px) 296px, (min-width: 784px) 395px, (min-width: 712px) 593px, (min-width: 640px) 712px, \" \/><\/a><\/div><\/div><div style=\"padding:5px;\" class=\"fusion-grid-column fusion-gallery-column fusion-gallery-column-4 hover-type-none\"><div class=\"fusion-gallery-image\"><a href=\"https:\/\/www.santamariaequestrianclub.com\/wp-content\/uploads\/2016\/08\/M9M_8834-copia.jpg\" rel=\"noreferrer\" data-rel=\"iLightbox[gallery_image_1]\" class=\"fusion-lightbox\" target=\"_self\"><img decoding=\"async\" src=\"https:\/\/www.santamariaequestrianclub.com\/wp-content\/uploads\/2016\/08\/M9M_8834-copia.jpg\" width=\"1200\" height=\"800\" alt=\"Centro de eventos club hipico\" title=\"Centro de eventos club hipico\" aria-label=\"Centro de eventos club hipico\" class=\"img-responsive wp-image-1465\" srcset=\"https:\/\/www.santamariaequestrianclub.com\/wp-content\/uploads\/2016\/08\/M9M_8834-copia-200x133.jpg 200w, https:\/\/www.santamariaequestrianclub.com\/wp-content\/uploads\/2016\/08\/M9M_8834-copia-400x267.jpg 400w, https:\/\/www.santamariaequestrianclub.com\/wp-content\/uploads\/2016\/08\/M9M_8834-copia-600x400.jpg 600w, https:\/\/www.santamariaequestrianclub.com\/wp-content\/uploads\/2016\/08\/M9M_8834-copia-800x533.jpg 800w, https:\/\/www.santamariaequestrianclub.com\/wp-content\/uploads\/2016\/08\/M9M_8834-copia.jpg 1200w\" sizes=\"(min-width: 2200px) 100vw, (min-width: 856px) 296px, (min-width: 784px) 395px, (min-width: 712px) 593px, (min-width: 640px) 712px, \" \/><\/a><\/div><\/div><div style=\"padding:5px;\" class=\"fusion-grid-column fusion-gallery-column fusion-gallery-column-4 hover-type-none\"><div class=\"fusion-gallery-image\"><a href=\"https:\/\/www.santamariaequestrianclub.com\/wp-content\/uploads\/2016\/08\/M9M_8713-copia.jpg\" rel=\"noreferrer\" data-rel=\"iLightbox[gallery_image_1]\" class=\"fusion-lightbox\" target=\"_self\"><img decoding=\"async\" src=\"https:\/\/www.santamariaequestrianclub.com\/wp-content\/uploads\/2016\/08\/M9M_8713-copia.jpg\" width=\"1200\" height=\"800\" alt=\"Club hipico eventos\" title=\"Club h\u00edpico eventos\" aria-label=\"Club h\u00edpico eventos\" class=\"img-responsive wp-image-1458\" srcset=\"https:\/\/www.santamariaequestrianclub.com\/wp-content\/uploads\/2016\/08\/M9M_8713-copia-200x133.jpg 200w, https:\/\/www.santamariaequestrianclub.com\/wp-content\/uploads\/2016\/08\/M9M_8713-copia-400x267.jpg 400w, https:\/\/www.santamariaequestrianclub.com\/wp-content\/uploads\/2016\/08\/M9M_8713-copia-600x400.jpg 600w, https:\/\/www.santamariaequestrianclub.com\/wp-content\/uploads\/2016\/08\/M9M_8713-copia-800x533.jpg 800w, https:\/\/www.santamariaequestrianclub.com\/wp-content\/uploads\/2016\/08\/M9M_8713-copia.jpg 1200w\" sizes=\"(min-width: 2200px) 100vw, (min-width: 856px) 296px, (min-width: 784px) 395px, (min-width: 712px) 593px, (min-width: 640px) 712px, \" \/><\/a><\/div><\/div><div style=\"padding:5px;\" class=\"fusion-grid-column fusion-gallery-column fusion-gallery-column-4 hover-type-none\"><div class=\"fusion-gallery-image\"><a href=\"https:\/\/www.santamariaequestrianclub.com\/wp-content\/uploads\/2016\/08\/M9M_8154.jpg\" rel=\"noreferrer\" data-rel=\"iLightbox[gallery_image_1]\" class=\"fusion-lightbox\" target=\"_self\"><img decoding=\"async\" src=\"https:\/\/www.santamariaequestrianclub.com\/wp-content\/uploads\/2016\/08\/M9M_8154.jpg\" width=\"1200\" height=\"800\" alt=\"Club h\u00edpico M\u00e1laga eventos\" title=\"Club h\u00edpico M\u00e1laga eventos\" aria-label=\"Club h\u00edpico M\u00e1laga eventos\" class=\"img-responsive wp-image-1421\" srcset=\"https:\/\/www.santamariaequestrianclub.com\/wp-content\/uploads\/2016\/08\/M9M_8154-200x133.jpg 200w, https:\/\/www.santamariaequestrianclub.com\/wp-content\/uploads\/2016\/08\/M9M_8154-400x267.jpg 400w, https:\/\/www.santamariaequestrianclub.com\/wp-content\/uploads\/2016\/08\/M9M_8154-600x400.jpg 600w, https:\/\/www.santamariaequestrianclub.com\/wp-content\/uploads\/2016\/08\/M9M_8154-800x533.jpg 800w, https:\/\/www.santamariaequestrianclub.com\/wp-content\/uploads\/2016\/08\/M9M_8154.jpg 1200w\" sizes=\"(min-width: 2200px) 100vw, (min-width: 856px) 296px, (min-width: 784px) 395px, (min-width: 712px) 593px, (min-width: 640px) 712px, \" \/><\/a><\/div><\/div><div class=\"clearfix\"><\/div><\/div><\/div><\/div><\/div><div class=\"fusion-clearfix\"><\/div><\/div><\/div><\/div><\/div><\/p>\n","protected":false},"excerpt":{"rendered":"","protected":false},"author":7,"featured_media":0,"parent":0,"menu_order":0,"comment_status":"closed","ping_status":"closed","template":"100-width.php","meta":{"footnotes":""},"class_list":["post-2060","page","type-page","status-publish","hentry"],"yoast_head":"<!-- This site is optimized with the Yoast SEO plugin v26.3 - https:\/\/yoast.com\/wordpress\/plugins\/seo\/ -->\n<title>Concurso de Salto Social Agosto de 2019 en Sotogrande<\/title>\n<meta name=\"description\" content=\"El Club Ecuestre Santa Mar\u00eda (SMEC) fue el escenario del Concurso de Saltos Sociales celebrado del 14 al 16 de agosto de 2019..\" \/>\n<meta name=\"robots\" content=\"index, follow, max-snippet:-1, max-image-preview:large, max-video-preview:-1\" \/>\n<link rel=\"canonical\" href=\"https:\/\/www.santamariaequestrianclub.com\/es\/concurso-de-salto-social-agosto-de-2019\/\" \/>\n<meta property=\"og:locale\" content=\"es_ES\" \/>\n<meta property=\"og:type\" content=\"article\" \/>\n<meta property=\"og:title\" content=\"Concurso de Salto Social Agosto de 2019 en Sotogrande\" \/>\n<meta property=\"og:description\" content=\"El Club Ecuestre Santa Mar\u00eda (SMEC) fue el escenario del Concurso de Saltos Sociales celebrado del 14 al 16 de agosto de 2019..\" \/>\n<meta property=\"og:url\" content=\"https:\/\/www.santamariaequestrianclub.com\/es\/concurso-de-salto-social-agosto-de-2019\/\" \/>\n<meta property=\"og:site_name\" content=\"Santa Mar\u00eda Equestrian Club\" \/>\n<meta property=\"article:publisher\" content=\"https:\/\/www.facebook.com\/santamariaequestrianclub\" \/>\n<meta property=\"article:modified_time\" content=\"2020-03-16T08:05:25+00:00\" \/>\n<meta name=\"twitter:card\" content=\"summary_large_image\" \/>\n<meta name=\"twitter:site\" content=\"@SantaMariaEClub\" \/>\n<meta name=\"twitter:label1\" content=\"Tiempo de lectura\" \/>\n\t<meta name=\"twitter:data1\" content=\"5 minutos\" \/>\n<script type=\"application\/ld+json\" class=\"yoast-schema-graph\">{\"@context\":\"https:\/\/schema.org\",\"@graph\":[{\"@type\":\"WebPage\",\"@id\":\"https:\/\/www.santamariaequestrianclub.com\/es\/concurso-de-salto-social-agosto-de-2019\/\",\"url\":\"https:\/\/www.santamariaequestrianclub.com\/es\/concurso-de-salto-social-agosto-de-2019\/\",\"name\":\"Concurso de Salto Social Agosto de 2019 en Sotogrande\",\"isPartOf\":{\"@id\":\"https:\/\/www.santamariaequestrianclub.com\/#website\"},\"datePublished\":\"2020-03-13T13:11:07+00:00\",\"dateModified\":\"2020-03-16T08:05:25+00:00\",\"description\":\"El Club Ecuestre Santa Mar\u00eda (SMEC) fue el escenario del Concurso de Saltos Sociales celebrado del 14 al 16 de agosto de 2019..\",\"breadcrumb\":{\"@id\":\"https:\/\/www.santamariaequestrianclub.com\/es\/concurso-de-salto-social-agosto-de-2019\/#breadcrumb\"},\"inLanguage\":\"es\",\"potentialAction\":[{\"@type\":\"ReadAction\",\"target\":[\"https:\/\/www.santamariaequestrianclub.com\/es\/concurso-de-salto-social-agosto-de-2019\/\"]}]},{\"@type\":\"BreadcrumbList\",\"@id\":\"https:\/\/www.santamariaequestrianclub.com\/es\/concurso-de-salto-social-agosto-de-2019\/#breadcrumb\",\"itemListElement\":[{\"@type\":\"ListItem\",\"position\":1,\"name\":\"Home\",\"item\":\"https:\/\/www.santamariaequestrianclub.com\/es\/\"},{\"@type\":\"ListItem\",\"position\":2,\"name\":\"Concurso de Salto Social Agosto de 2019\"}]},{\"@type\":\"WebSite\",\"@id\":\"https:\/\/www.santamariaequestrianclub.com\/#website\",\"url\":\"https:\/\/www.santamariaequestrianclub.com\/\",\"name\":\"Santa Mar\u00eda Equestrian Club\",\"description\":\"\",\"publisher\":{\"@id\":\"https:\/\/www.santamariaequestrianclub.com\/#organization\"},\"potentialAction\":[{\"@type\":\"SearchAction\",\"target\":{\"@type\":\"EntryPoint\",\"urlTemplate\":\"https:\/\/www.santamariaequestrianclub.com\/?s={search_term_string}\"},\"query-input\":{\"@type\":\"PropertyValueSpecification\",\"valueRequired\":true,\"valueName\":\"search_term_string\"}}],\"inLanguage\":\"es\"},{\"@type\":\"Organization\",\"@id\":\"https:\/\/www.santamariaequestrianclub.com\/#organization\",\"name\":\"Santa Mar\u00eda Equestrian Club\",\"url\":\"https:\/\/www.santamariaequestrianclub.com\/\",\"logo\":{\"@type\":\"ImageObject\",\"inLanguage\":\"es\",\"@id\":\"https:\/\/www.santamariaequestrianclub.com\/#\/schema\/logo\/image\/\",\"url\":\"https:\/\/www.santamariaequestrianclub.com\/wp-content\/uploads\/2019\/07\/Equestrian_Sotogrande.png\",\"contentUrl\":\"https:\/\/www.santamariaequestrianclub.com\/wp-content\/uploads\/2019\/07\/Equestrian_Sotogrande.png\",\"width\":1616,\"height\":1600,\"caption\":\"Santa Mar\u00eda Equestrian Club\"},\"image\":{\"@id\":\"https:\/\/www.santamariaequestrianclub.com\/#\/schema\/logo\/image\/\"},\"sameAs\":[\"https:\/\/www.facebook.com\/santamariaequestrianclub\",\"https:\/\/x.com\/SantaMariaEClub\",\"https:\/\/www.instagram.com\/santamariaequestrianclub\/\"]}]}<\/script>\n<!-- \/ Yoast SEO plugin. -->","yoast_head_json":{"title":"Concurso de Salto Social Agosto de 2019 en Sotogrande","description":"El Club Ecuestre Santa Mar\u00eda (SMEC) fue el escenario del Concurso de Saltos Sociales celebrado del 14 al 16 de agosto de 2019..","robots":{"index":"index","follow":"follow","max-snippet":"max-snippet:-1","max-image-preview":"max-image-preview:large","max-video-preview":"max-video-preview:-1"},"canonical":"https:\/\/www.santamariaequestrianclub.com\/es\/concurso-de-salto-social-agosto-de-2019\/","og_locale":"es_ES","og_type":"article","og_title":"Concurso de Salto Social Agosto de 2019 en Sotogrande","og_description":"El Club Ecuestre Santa Mar\u00eda (SMEC) fue el escenario del Concurso de Saltos Sociales celebrado del 14 al 16 de agosto de 2019..","og_url":"https:\/\/www.santamariaequestrianclub.com\/es\/concurso-de-salto-social-agosto-de-2019\/","og_site_name":"Santa Mar\u00eda Equestrian Club","article_publisher":"https:\/\/www.facebook.com\/santamariaequestrianclub","article_modified_time":"2020-03-16T08:05:25+00:00","twitter_card":"summary_large_image","twitter_site":"@SantaMariaEClub","twitter_misc":{"Tiempo de lectura":"5 minutos"},"schema":{"@context":"https:\/\/schema.org","@graph":[{"@type":"WebPage","@id":"https:\/\/www.santamariaequestrianclub.com\/es\/concurso-de-salto-social-agosto-de-2019\/","url":"https:\/\/www.santamariaequestrianclub.com\/es\/concurso-de-salto-social-agosto-de-2019\/","name":"Concurso de Salto Social Agosto de 2019 en Sotogrande","isPartOf":{"@id":"https:\/\/www.santamariaequestrianclub.com\/#website"},"datePublished":"2020-03-13T13:11:07+00:00","dateModified":"2020-03-16T08:05:25+00:00","description":"El Club Ecuestre Santa Mar\u00eda (SMEC) fue el escenario del Concurso de Saltos Sociales celebrado del 14 al 16 de agosto de 2019..","breadcrumb":{"@id":"https:\/\/www.santamariaequestrianclub.com\/es\/concurso-de-salto-social-agosto-de-2019\/#breadcrumb"},"inLanguage":"es","potentialAction":[{"@type":"ReadAction","target":["https:\/\/www.santamariaequestrianclub.com\/es\/concurso-de-salto-social-agosto-de-2019\/"]}]},{"@type":"BreadcrumbList","@id":"https:\/\/www.santamariaequestrianclub.com\/es\/concurso-de-salto-social-agosto-de-2019\/#breadcrumb","itemListElement":[{"@type":"ListItem","position":1,"name":"Home","item":"https:\/\/www.santamariaequestrianclub.com\/es\/"},{"@type":"ListItem","position":2,"name":"Concurso de Salto Social Agosto de 2019"}]},{"@type":"WebSite","@id":"https:\/\/www.santamariaequestrianclub.com\/#website","url":"https:\/\/www.santamariaequestrianclub.com\/","name":"Santa Mar\u00eda Equestrian Club","description":"","publisher":{"@id":"https:\/\/www.santamariaequestrianclub.com\/#organization"},"potentialAction":[{"@type":"SearchAction","target":{"@type":"EntryPoint","urlTemplate":"https:\/\/www.santamariaequestrianclub.com\/?s={search_term_string}"},"query-input":{"@type":"PropertyValueSpecification","valueRequired":true,"valueName":"search_term_string"}}],"inLanguage":"es"},{"@type":"Organization","@id":"https:\/\/www.santamariaequestrianclub.com\/#organization","name":"Santa Mar\u00eda Equestrian Club","url":"https:\/\/www.santamariaequestrianclub.com\/","logo":{"@type":"ImageObject","inLanguage":"es","@id":"https:\/\/www.santamariaequestrianclub.com\/#\/schema\/logo\/image\/","url":"https:\/\/www.santamariaequestrianclub.com\/wp-content\/uploads\/2019\/07\/Equestrian_Sotogrande.png","contentUrl":"https:\/\/www.santamariaequestrianclub.com\/wp-content\/uploads\/2019\/07\/Equestrian_Sotogrande.png","width":1616,"height":1600,"caption":"Santa Mar\u00eda Equestrian Club"},"image":{"@id":"https:\/\/www.santamariaequestrianclub.com\/#\/schema\/logo\/image\/"},"sameAs":["https:\/\/www.facebook.com\/santamariaequestrianclub","https:\/\/x.com\/SantaMariaEClub","https:\/\/www.instagram.com\/santamariaequestrianclub\/"]}]}},"_links":{"self":[{"href":"https:\/\/www.santamariaequestrianclub.com\/es\/wp-json\/wp\/v2\/pages\/2060","targetHints":{"allow":["GET"]}}],"collection":[{"href":"https:\/\/www.santamariaequestrianclub.com\/es\/wp-json\/wp\/v2\/pages"}],"about":[{"href":"https:\/\/www.santamariaequestrianclub.com\/es\/wp-json\/wp\/v2\/types\/page"}],"author":[{"embeddable":true,"href":"https:\/\/www.santamariaequestrianclub.com\/es\/wp-json\/wp\/v2\/users\/7"}],"replies":[{"embeddable":true,"href":"https:\/\/www.santamariaequestrianclub.com\/es\/wp-json\/wp\/v2\/comments?post=2060"}],"version-history":[{"count":2,"href":"https:\/\/www.santamariaequestrianclub.com\/es\/wp-json\/wp\/v2\/pages\/2060\/revisions"}],"predecessor-version":[{"id":2253,"href":"https:\/\/www.santamariaequestrianclub.com\/es\/wp-json\/wp\/v2\/pages\/2060\/revisions\/2253"}],"wp:attachment":[{"href":"https:\/\/www.santamariaequestrianclub.com\/es\/wp-json\/wp\/v2\/media?parent=2060"}],"curies":[{"name":"wp","href":"https:\/\/api.w.org\/{rel}","templated":true}]}}